{"id":67,"date":"2023-12-27T17:14:25","date_gmt":"2023-12-27T17:14:25","guid":{"rendered":"https:\/\/www.contractbrewing.cz\/?page_id=67"},"modified":"2025-01-10T10:46:15","modified_gmt":"2025-01-10T10:46:15","slug":"nase-technologie","status":"publish","type":"page","link":"https:\/\/www.contractbrewing.cz\/?page_id=67","title":{"rendered":"Na\u0161e technologie"},"content":{"rendered":"\n<p><strong>Varna<\/strong><\/p>\n\n\n\n<p>Srdcem na\u0161eho pivovaru je modern\u00ed dvoun\u00e1dobov\u00e1 15hl varna oh\u0159\u00edvan\u00e1 parn\u00edm vyv\u00edje\u010dem. Varna m\u00e1 nez\u00e1visl\u00fd bojler a n\u00e1dobu na ledovou vodu pro jednostup\u0148ov\u00fd chladi\u010d. Varna je opat\u0159ena digit\u00e1ln\u00edmi pr\u016ftokom\u011bry. Na varn\u011b je mo\u017en\u00e9 va\u0159it v\u0161emi mysliteln\u00fdmi rmutovac\u00edmi postupy, v\u010detn\u011b 2 a\u017e 3 rmutov\u00fdch.<\/p>\n\n\n\n<p><strong>Hlavn\u00ed kva\u0161en\u00ed a dokv\u00e1\u0161en\u00ed<\/strong><\/p>\n\n\n\n<p>Hlavn\u00ed kva\u0161en\u00ed prob\u00edh\u00e1 u le\u017e\u00e1k\u016f ve 4 dvouv\u00e1re\u010dn\u00fdch otev\u0159en\u00fdch spile\u010dn\u00fdch k\u00e1d\u00edch. Pro le\u017een\u00ed vyu\u017e\u00edv\u00e1me 11 stojat\u00fdch duplexn\u00edch le\u017e\u00e1ck\u00fdch tank\u016f, co\u017e n\u00e1m umo\u017e\u0148uje vyr\u00e1b\u011bt opravdu velik\u00e9 mno\u017estv\u00ed le\u017e\u00e1ku co do mno\u017estv\u00ed, tak i rozmanitosti druh\u016f. Tato technologie je velice dobrou kombinac\u00ed klasick\u00e9 technologie, ov\u0161em dopln\u011bn\u00e9 o modern\u00ed zp\u016fsoby sanitace a sterilizace, zaru\u010duj\u00edc\u00ed vysokou kvalitu produkce.<\/p>\n\n\n\n<p>Pro svrchn\u011b kva\u0161en\u00e1 piva vyu\u017e\u00edv\u00e1me jednof\u00e1zovou v\u00fdrobu v CKT tanku, kde prov\u00e1d\u00edme i dryhop.<\/p>\n\n\n\n<p><strong>Sanitace sud\u016f a st\u00e1\u010den\u00ed<\/strong><\/p>\n\n\n\n<p>Na sanitaci sud\u016f m\u00e1me modern\u00ed automatickou KEG my\u010dku s jedn\u00edm roztokem (b\u011b\u017en\u011b NaOH) a sterilizaci parou, sud je n\u00e1sledn\u011b napln\u011bn CO2 a t\u00edm je minimalizov\u00e1na i mo\u017enost oxidace p\u0159i st\u00e1\u010den\u00ed. St\u00e1\u010den\u00ed prov\u00e1d\u00edme pomoc\u00ed CO2 p\u0159\u00edmo ru\u010dn\u00ed st\u00e1\u010de\u010dkou z tanku (nej\u0161etrn\u011bj\u0161\u00ed metoda pro pivo).<\/p>\n\n\n\n<p><\/p>\n","protected":false},"excerpt":{"rendered":"<p>Varna Srdcem na\u0161eho pivovaru je modern\u00ed dvoun\u00e1dobov\u00e1 15hl varna oh\u0159\u00edvan\u00e1 parn\u00edm vyv\u00edje\u010dem. Varna m\u00e1 nez\u00e1visl\u00fd bojler a n\u00e1dobu na ledovou vodu pro jednostup\u0148ov\u00fd chladi\u010d. Varna je opat\u0159ena digit\u00e1ln\u00edmi pr\u016ftokom\u011bry. Na varn\u011b je mo\u017en\u00e9 va\u0159it v\u0161emi mysliteln\u00fdmi rmutovac\u00edmi postupy, v\u010detn\u011b 2 a\u017e 3 rmutov\u00fdch. Hlavn\u00ed kva\u0161en\u00ed a dokv\u00e1\u0161en\u00ed Hlavn\u00ed kva\u0161en\u00ed prob\u00edh\u00e1 u le\u017e\u00e1k\u016f ve 4 dvouv\u00e1re\u010dn\u00fdch [&hellip;]<\/p>\n","protected":false},"author":1,"featured_media":0,"parent":0,"menu_order":0,"comment_status":"closed","ping_status":"closed","template":"","meta":{"footnotes":""},"class_list":["post-67","page","type-page","status-publish","hentry"],"_links":{"self":[{"href":"https:\/\/www.contractbrewing.cz\/index.php?rest_route=\/wp\/v2\/pages\/67","targetHints":{"allow":["GET"]}}],"collection":[{"href":"https:\/\/www.contractbrewing.cz\/index.php?rest_route=\/wp\/v2\/pages"}],"about":[{"href":"https:\/\/www.contractbrewing.cz\/index.php?rest_route=\/wp\/v2\/types\/page"}],"author":[{"embeddable":true,"href":"https:\/\/www.contractbrewing.cz\/index.php?rest_route=\/wp\/v2\/users\/1"}],"replies":[{"embeddable":true,"href":"https:\/\/www.contractbrewing.cz\/index.php?rest_route=%2Fwp%2Fv2%2Fcomments&post=67"}],"version-history":[{"count":3,"href":"https:\/\/www.contractbrewing.cz\/index.php?rest_route=\/wp\/v2\/pages\/67\/revisions"}],"predecessor-version":[{"id":128,"href":"https:\/\/www.contractbrewing.cz\/index.php?rest_route=\/wp\/v2\/pages\/67\/revisions\/128"}],"wp:attachment":[{"href":"https:\/\/www.contractbrewing.cz\/index.php?rest_route=%2Fwp%2Fv2%2Fmedia&parent=67"}],"curies":[{"name":"wp","href":"https:\/\/api.w.org\/{rel}","templated":true}]}}