{"id":22,"date":"2023-12-27T15:05:57","date_gmt":"2023-12-27T15:05:57","guid":{"rendered":"https:\/\/www.contractbrewing.cz\/?page_id=22"},"modified":"2024-01-17T19:55:54","modified_gmt":"2024-01-17T19:55:54","slug":"kontakt","status":"publish","type":"page","link":"https:\/\/www.contractbrewing.cz\/?page_id=22","title":{"rendered":"Kontakt"},"content":{"rendered":"\n<p class=\"has-text-align-center\"><strong>S\u00eddlo firmy:<br>Contract brewing s.r.o.<\/strong><br>Praha 8, St\u0159\u00ed\u017ekov, Roudnick\u00e1 632\/5<br>I\u010cO: <strong>19778341<\/strong><br><br><strong>Provozovna:<\/strong><br>OC Lu\u017einy (b\u00fdval\u00fd pivovar Lu\u017einy)<br>Archeologick\u00e1 2256\/1<br>155 00\u00a0 Praha 13<\/p>\n\n\n\n<p class=\"has-text-align-center\"><a href=\"mailto:info@contractbrewing.cz\">info@contractbrewing.cz<\/a><\/p>\n","protected":false},"excerpt":{"rendered":"<p>S\u00eddlo firmy:Contract brewing s.r.o.Praha 8, St\u0159\u00ed\u017ekov, Roudnick\u00e1 632\/5I\u010cO: 19778341 Provozovna:OC Lu\u017einy (b\u00fdval\u00fd pivovar Lu\u017einy)Archeologick\u00e1 2256\/1155 00\u00a0 Praha 13 info@contractbrewing.cz<\/p>\n","protected":false},"author":1,"featured_media":0,"parent":0,"menu_order":0,"comment_status":"closed","ping_status":"closed","template":"","meta":{"footnotes":""},"class_list":["post-22","page","type-page","status-publish","hentry"],"_links":{"self":[{"href":"https:\/\/www.contractbrewing.cz\/index.php?rest_route=\/wp\/v2\/pages\/22","targetHints":{"allow":["GET"]}}],"collection":[{"href":"https:\/\/www.contractbrewing.cz\/index.php?rest_route=\/wp\/v2\/pages"}],"about":[{"href":"https:\/\/www.contractbrewing.cz\/index.php?rest_route=\/wp\/v2\/types\/page"}],"author":[{"embeddable":true,"href":"https:\/\/www.contractbrewing.cz\/index.php?rest_route=\/wp\/v2\/users\/1"}],"replies":[{"embeddable":true,"href":"https:\/\/www.contractbrewing.cz\/index.php?rest_route=%2Fwp%2Fv2%2Fcomments&post=22"}],"version-history":[{"count":3,"href":"https:\/\/www.contractbrewing.cz\/index.php?rest_route=\/wp\/v2\/pages\/22\/revisions"}],"predecessor-version":[{"id":111,"href":"https:\/\/www.contractbrewing.cz\/index.php?rest_route=\/wp\/v2\/pages\/22\/revisions\/111"}],"wp:attachment":[{"href":"https:\/\/www.contractbrewing.cz\/index.php?rest_route=%2Fwp%2Fv2%2Fmedia&parent=22"}],"curies":[{"name":"wp","href":"https:\/\/api.w.org\/{rel}","templated":true}]}}